{"id":22,"date":"2019-12-12T05:18:58","date_gmt":"2019-12-12T05:18:58","guid":{"rendered":"https:\/\/www.navaltech.cl\/index.php\/about-extended\/"},"modified":"2025-02-04T20:45:01","modified_gmt":"2025-02-04T20:45:01","slug":"nosotros","status":"publish","type":"page","link":"https:\/\/www.navaltech.cl\/index.php\/nosotros\/","title":{"rendered":"Nosotros"},"content":{"rendered":"<div class=\"wpb-content-wrapper\"><p>[vc_row css=\u00bb.vc_custom_1580028712979{padding-top: 80px !important;}\u00bb][vc_column offset=\u00bbvc_col-lg-6 vc_col-md-6 vc_col-xs-12&#8243; css=\u00bb.vc_custom_1580028367678{padding-bottom: 30px !important;}\u00bb]<div id=\"ultimate-heading-309769d062dd5baa6\" class=\"uvc-heading ult-adjust-bottom-margin ultimate-heading-309769d062dd5baa6 uvc-9443 accent-border-color accent-title-color\" data-hspacer=\"line_only\"  data-halign=\"left\" style=\"text-align:left\"><div class=\"uvc-main-heading ult-responsive\"  data-ultimate-target='.uvc-heading.ultimate-heading-309769d062dd5baa6 h2'  data-responsive-json-new='{\"font-size\":\"desktop:20px;\",\"line-height\":\"desktop:15px;\"}' ><h2 style=\"font-weight:bold;margin-bottom:5px;\">Navaltech<\/h2><\/div><div class=\"uvc-sub-heading ult-responsive\"  data-ultimate-target='.uvc-heading.ultimate-heading-309769d062dd5baa6 .uvc-sub-heading '  data-responsive-json-new='{\"font-size\":\"desktop:24px;\",\"line-height\":\"desktop:28px;mobile_landscape:34px;\"}'  style=\"font-weight:bold;color:#333333;margin-bottom:15px;\">Es una empresa que nace en enero de 2022, estableciendo su sede en la ciudad puerto de Talcahuano. Nos especializamos en ofrecer soluciones integrales en Ingenier\u00eda y Arquitectura Naval, con un enfoque en la innovaci\u00f3n y la excelencia.<\/div><div class=\"uvc-heading-spacer line_only\" style=\"topheight:3px;\"><span class=\"uvc-headings-line\" style=\"border-style:solid;border-bottom-width:3px;border-color:;width:150px;\"><\/span><\/div><\/div>[\/vc_column][vc_column offset=\u00bbvc_col-lg-6 vc_col-md-6 vc_col-xs-12&#8243; css=\u00bb.vc_custom_1580028374306{padding-bottom: 30px !important;}\u00bb][vc_column_text css=\u00bb.vc_custom_1734449687415{padding-bottom: 20px !important;}\u00bb]<strong><u>Nuestros Servicios<\/u>:<\/strong><\/p>\n<p>Brindamos una amplia gama de servicios de consultor\u00eda, arquitectura e ingenier\u00eda naval, dise\u00f1ados para cubrir las necesidades espec\u00edficas de cada cliente.<\/p>\n<p><strong><u>Nuestro Equipo<\/u>:<\/strong><\/p>\n<p>Contamos con un equipo de profesionales altamente capacitados, con m\u00e1s de 20 a\u00f1os de experiencia en la industria naval, lo que nos permite afrontar con confianza y eficacia los desaf\u00edos m\u00e1s exigentes del sector.[\/vc_column_text][\/vc_column][vc_column][vc_row_inner equal_height=\u00bbyes\u00bb gap=\u00bb10&#8243; css=\u00bb.vc_custom_1580235216412{padding-top: 40px !important;padding-right: 25px !important;padding-bottom: 80px !important;padding-left: 25px !important;}\u00bb][vc_column_inner width=\u00bb1\/2&#8243; css=\u00bb.vc_custom_1580040519849{padding-top: 30px !important;padding-right: 30px !important;padding-bottom: 30px !important;padding-left: 30px !important;background-color: #f5f5f5 !important;}\u00bb]<style type=\"text\/css\" data-type=\"the7_shortcodes-inline-css\">.icon-with-text-shortcode.icon-text-id-4c4e6b1116ab03867a4559afab256652 .text-icon {\n  width: 70px;\n  height: 70px;\n  line-height: 70px;\n  font-size: 32px;\n  border-radius: 200px;\n  margin: 0px 0px 20px 0px;\n}\n.icon-with-text-shortcode.icon-text-id-4c4e6b1116ab03867a4559afab256652 .text-icon .icon-inner {\n  min-width: 70px;\n  min-height: 70px;\n  border-radius: 200px;\n}\n@media all and (-ms-high-contrast: none) {\n  .icon-with-text-shortcode.icon-text-id-4c4e6b1116ab03867a4559afab256652 .text-icon .icon-inner {\n    height: 70px;\n  }\n}\n.icon-with-text-shortcode.icon-text-id-4c4e6b1116ab03867a4559afab256652 .text-icon .dt-hover-icon {\n  line-height: 70px;\n}\n.icon-with-text-shortcode.icon-text-id-4c4e6b1116ab03867a4559afab256652 .text-icon:before,\n.icon-with-text-shortcode.icon-text-id-4c4e6b1116ab03867a4559afab256652 .text-icon:after,\n.icon-with-text-shortcode.icon-text-id-4c4e6b1116ab03867a4559afab256652 .text-icon .icon-inner:before,\n.icon-with-text-shortcode.icon-text-id-4c4e6b1116ab03867a4559afab256652 .text-icon .icon-inner:after {\n  min-width: 100%;\n  min-height: 100%;\n  padding: inherit;\n  border-radius: inherit;\n}\n.icon-with-text-shortcode.icon-text-id-4c4e6b1116ab03867a4559afab256652 .text-icon.dt-icon-border-on:before {\n  border-width: 0px;\n  border-style: solid;\n}\n.dt-icon-border-dashed.icon-with-text-shortcode.icon-text-id-4c4e6b1116ab03867a4559afab256652 .text-icon.dt-icon-border-on:before {\n  border-style: dashed;\n}\n.dt-icon-border-dotted.icon-with-text-shortcode.icon-text-id-4c4e6b1116ab03867a4559afab256652 .text-icon.dt-icon-border-on:before {\n  border-style: dotted;\n}\n.dt-icon-border-double.icon-with-text-shortcode.icon-text-id-4c4e6b1116ab03867a4559afab256652 .text-icon.dt-icon-border-on:before {\n  border-style: double;\n}\n.icon-with-text-shortcode.icon-text-id-4c4e6b1116ab03867a4559afab256652 .text-icon.dt-icon-border-dashed.dt-icon-border-on:before {\n  border-style: dashed;\n}\n.icon-with-text-shortcode.icon-text-id-4c4e6b1116ab03867a4559afab256652 .text-icon.dt-icon-border-dotted.dt-icon-border-on:before {\n  border-style: dotted;\n}\n.icon-with-text-shortcode.icon-text-id-4c4e6b1116ab03867a4559afab256652 .text-icon.dt-icon-border-double.dt-icon-border-on:before {\n  border-style: double;\n}\n.icon-with-text-shortcode.icon-text-id-4c4e6b1116ab03867a4559afab256652 .text-icon.dt-icon-hover-border-on:after {\n  border-width: 0px;\n  border-style: solid;\n}\n.icon-with-text-shortcode.icon-text-id-4c4e6b1116ab03867a4559afab256652 .text-icon.dt-icon-border-dashed.dt-icon-hover-border-on:after {\n  border-style: dashed;\n}\n.icon-with-text-shortcode.icon-text-id-4c4e6b1116ab03867a4559afab256652 .text-icon.dt-icon-border-dotted.dt-icon-hover-border-on:after {\n  border-style: dotted;\n}\n.icon-with-text-shortcode.icon-text-id-4c4e6b1116ab03867a4559afab256652 .text-icon.dt-icon-border-double.dt-icon-hover-border-on:after {\n  border-style: double;\n}\n.icon-with-text-shortcode.icon-text-id-4c4e6b1116ab03867a4559afab256652 .text-icon.dt-icon-hover-on:hover {\n  font-size: 32px;\n}\n#page .icon-with-text-shortcode.icon-text-id-4c4e6b1116ab03867a4559afab256652 .text-icon.dt-icon-hover-on:hover .soc-font-icon,\n#phantom .icon-with-text-shortcode.icon-text-id-4c4e6b1116ab03867a4559afab256652 .text-icon.dt-icon-hover-on:hover .soc-font-icon,\n#page .icon-with-text-shortcode.icon-text-id-4c4e6b1116ab03867a4559afab256652 .text-icon.dt-icon-hover-on:hover .soc-icon,\n#phantom .icon-with-text-shortcode.icon-text-id-4c4e6b1116ab03867a4559afab256652 .text-icon.dt-icon-hover-on:hover .soc-icon {\n  color: #fff;\n  background: none;\n}\n#page .icon-with-text-shortcode.icon-text-id-4c4e6b1116ab03867a4559afab256652 .text-icon.dt-icon-hover-on:not(:hover) .soc-font-icon,\n#phantom .icon-with-text-shortcode.icon-text-id-4c4e6b1116ab03867a4559afab256652 .text-icon.dt-icon-hover-on:not(:hover) .soc-font-icon,\n#page .icon-with-text-shortcode.icon-text-id-4c4e6b1116ab03867a4559afab256652 .text-icon.dt-icon-hover-on:not(:hover) .soc-icon,\n#phantom .icon-with-text-shortcode.icon-text-id-4c4e6b1116ab03867a4559afab256652 .text-icon.dt-icon-hover-on:not(:hover) .soc-icon,\n#page .icon-with-text-shortcode.icon-text-id-4c4e6b1116ab03867a4559afab256652 .text-icon.dt-icon-hover-off .soc-font-icon,\n#phantom .icon-with-text-shortcode.icon-text-id-4c4e6b1116ab03867a4559afab256652 .text-icon.dt-icon-hover-off .soc-font-icon,\n#page .icon-with-text-shortcode.icon-text-id-4c4e6b1116ab03867a4559afab256652 .text-icon.dt-icon-hover-off .soc-icon,\n#phantom .icon-with-text-shortcode.icon-text-id-4c4e6b1116ab03867a4559afab256652 .text-icon.dt-icon-hover-off .soc-icon {\n  color: #ffffff;\n  background: none;\n}\n.icon-with-text-shortcode.icon-text-id-4c4e6b1116ab03867a4559afab256652.layout-1 {\n  grid-template-columns: 70px minmax(0,1fr);\n  grid-column-gap: 0px;\n}\n.icon-with-text-shortcode.icon-text-id-4c4e6b1116ab03867a4559afab256652.layout-2 {\n  grid-template-columns: minmax(0,1fr) 70px;\n  grid-column-gap: 0px;\n}\n.icon-with-text-shortcode.icon-text-id-4c4e6b1116ab03867a4559afab256652.layout-2 .text-icon {\n  margin-left: 0;\n}\n.icon-with-text-shortcode.icon-text-id-4c4e6b1116ab03867a4559afab256652.layout-3 {\n  grid-template-columns: 70px minmax(0,1fr);\n}\n.icon-with-text-shortcode.icon-text-id-4c4e6b1116ab03867a4559afab256652.layout-3 .dt-text-title {\n  margin-left: 0px;\n}\n.icon-with-text-shortcode.icon-text-id-4c4e6b1116ab03867a4559afab256652 .dt-text-title,\n.icon-with-text-shortcode.icon-text-id-4c4e6b1116ab03867a4559afab256652 .dt-text-title a {\n  color: #333333;\n  background: none;\n  font-size: 20px;\n  line-height: 30px;\n  font-weight: bold;\n}\n.icon-with-text-shortcode.icon-text-id-4c4e6b1116ab03867a4559afab256652 .dt-text-title {\n  margin-bottom: 10px;\n}\n.icon-with-text-shortcode.icon-text-id-4c4e6b1116ab03867a4559afab256652 .dt-text-desc {\n  margin-bottom: 0px;\n  font-size: 16px;\n  line-height: 28px;\n}\n<\/style><div class=\"icon-with-text-shortcode  icon-text-id-4c4e6b1116ab03867a4559afab256652 layout-5  \" ><span   class=\"text-icon dt-icon-bg-on dt-icon-hover-off\" ><span class=\"icon-inner\"><i class=\"dt-regular-icon soc-icon fas fa-user-alt\"><\/i><i class=\"dt-hover-icon soc-icon fas fa-user-alt\"><\/i><\/span><\/span><h4 class=\"dt-text-title\"  >Felipe L\u00f3pez<\/h4><div class=\"dt-text-desc\">Ingeniero Naval<br \/>\nMagister en Ingenier\u00eda Industrial<\/div><\/div>[\/vc_column_inner][\/vc_row_inner][\/vc_column][\/vc_row][vc_row equal_height=\u00bbyes\u00bb bg_type=\u00bbbg_color\u00bb bg_override=\u00bbfull\u00bb css=\u00bb.vc_custom_1580056146762{padding-top: 80px !important;padding-bottom: 30px !important;background-color: #f5f5f5 !important;}\u00bb bg_color_value=\u00bb#f5f5f5&#8243;][vc_column][vc_row_inner equal_height=\u00bbyes\u00bb css=\u00bb.vc_custom_1580029312926{padding-bottom: 70px !important;}\u00bb][vc_column_inner width=\u00bb1\/2&#8243; css=\u00bb.vc_custom_1734450477604{margin-top: 5px !important;margin-right: 25px !important;margin-bottom: 30px !important;margin-left: 25px !important;padding-top: 150px !important;padding-bottom: 150px !important;background-image: url(https:\/\/www.navaltech.cl\/wp-content\/uploads\/2024\/12\/Imagen-6.png?id=3044) !important;background-position: center !important;background-repeat: no-repeat !important;background-size: cover !important;}\u00bb offset=\u00bbvc_col-lg-4 vc_col-md-4&#8243;][\/vc_column_inner][vc_column_inner width=\u00bb1\/2&#8243; offset=\u00bbvc_col-lg-4 vc_col-md-4&#8243;]<div id=\"ultimate-heading-132369d062dd5bb70\" class=\"uvc-heading ult-adjust-bottom-margin ultimate-heading-132369d062dd5bb70 uvc-8549 accent-border-color\" data-hspacer=\"line_only\"  data-halign=\"center\" style=\"text-align:center\"><div class=\"uvc-main-heading ult-responsive\"  data-ultimate-target='.uvc-heading.ultimate-heading-132369d062dd5bb70 h2'  data-responsive-json-new='{\"font-size\":\"mobile_landscape:34px;\",\"line-height\":\"mobile_landscape:34px;\"}' ><h2 style=\"font-weight:bold;margin-bottom:15px;\">Tecnolog\u00eda de Punta<\/h2><\/div><div class=\"uvc-heading-spacer line_only\" style=\"margin-bottom:65px;height:3px;\"><span class=\"uvc-headings-line\" style=\"border-style:solid;border-bottom-width:3px;border-color:;width:150px;\"><\/span><\/div><\/div>[vc_column_text css=\u00bb\u00bb]<\/p>\n<h4>En Navaltech, utilizamos las herramientas m\u00e1s avanzadas en dise\u00f1o, modelado y c\u00e1lculo mediante elementos finitos, garantizando la precisi\u00f3n y la eficiencia en cada proyecto.<\/h4>\n<p>[\/vc_column_text][\/vc_column_inner][vc_column_inner offset=\u00bbvc_col-lg-4 vc_col-md-4&#8243;][vc_column_text css=\u00bb\u00bb]<strong><u>Misi\u00f3n <\/u><\/strong><\/p>\n<p>Nuestro prop\u00f3sito es brindar a nuestros clientes soluciones adecuadas a sus requerimientos y necesidades, entregar asesor\u00eda y asistencia t\u00e9cnico profesional en terreno y ayudar a materializar sus proyectos bajo altos est\u00e1ndares de calidad y plazos competitivos.<\/p>\n<p><strong><u>Visi\u00f3n:<\/u><\/strong><\/p>\n<p>Navaltech aspira a convertirse en referente a nivel local en dise\u00f1o y construcci\u00f3n naval moderna e ingenier\u00eda offshore. Creciendo paso a paso, queremos superar las expectativas de nuestros clientes en t\u00e9rminos de calidad, innovaci\u00f3n y fiabilidad. Al cooperar con los mejores clientes de la industria, la empresa se esforzar\u00e1 continuamente por tener \u00e9xito en un entorno seguro.[\/vc_column_text][\/vc_column_inner][\/vc_row_inner][\/vc_column][\/vc_row]<\/p>\n<\/div>","protected":false},"excerpt":{"rendered":"<p>[vc_row css=\u00bb.vc_custom_1580028712979{padding-top: 80px !important;}\u00bb][vc_column offset=\u00bbvc_col-lg-6 vc_col-md-6 vc_col-xs-12&#8243; css=\u00bb.vc_custom_1580028367678{padding-bottom: 30px !important;}\u00bb][\/vc_column][vc_column offset=\u00bbvc_col-lg-6 vc_col-md-6 vc_col-xs-12&#8243; css=\u00bb.vc_custom_1580028374306{padding-bottom: 30px !important;}\u00bb][vc_column_text css=\u00bb.vc_custom_1734449687415{padding-bottom: 20px !important;}\u00bb]Nuestros Servicios: Brindamos una amplia gama de servicios de consultor\u00eda, arquitectura e ingenier\u00eda naval, dise\u00f1ados para cubrir las necesidades espec\u00edficas de cada cliente. Nuestro Equipo: Contamos con un equipo de profesionales altamente capacitados, con m\u00e1s de 20&hellip;<\/p>\n","protected":false},"author":1,"featured_media":0,"parent":0,"menu_order":8,"comment_status":"closed","ping_status":"closed","template":"","meta":{"footnotes":""},"class_list":["post-22","page","type-page","status-publish","hentry","description-off"],"_links":{"self":[{"href":"https:\/\/www.navaltech.cl\/index.php\/wp-json\/wp\/v2\/pages\/22","targetHints":{"allow":["GET"]}}],"collection":[{"href":"https:\/\/www.navaltech.cl\/index.php\/wp-json\/wp\/v2\/pages"}],"about":[{"href":"https:\/\/www.navaltech.cl\/index.php\/wp-json\/wp\/v2\/types\/page"}],"author":[{"embeddable":true,"href":"https:\/\/www.navaltech.cl\/index.php\/wp-json\/wp\/v2\/users\/1"}],"replies":[{"embeddable":true,"href":"https:\/\/www.navaltech.cl\/index.php\/wp-json\/wp\/v2\/comments?post=22"}],"version-history":[{"count":4,"href":"https:\/\/www.navaltech.cl\/index.php\/wp-json\/wp\/v2\/pages\/22\/revisions"}],"predecessor-version":[{"id":3138,"href":"https:\/\/www.navaltech.cl\/index.php\/wp-json\/wp\/v2\/pages\/22\/revisions\/3138"}],"wp:attachment":[{"href":"https:\/\/www.navaltech.cl\/index.php\/wp-json\/wp\/v2\/media?parent=22"}],"curies":[{"name":"wp","href":"https:\/\/api.w.org\/{rel}","templated":true}]}}