{"id":2940,"date":"2019-12-10T10:41:19","date_gmt":"2019-12-10T10:41:19","guid":{"rendered":"https:\/\/www.navaltech.cl\/index.php\/services\/"},"modified":"2024-12-19T00:47:44","modified_gmt":"2024-12-19T00:47:44","slug":"diseno","status":"publish","type":"page","link":"https:\/\/www.navaltech.cl\/index.php\/diseno\/","title":{"rendered":"Dise\u00f1o"},"content":{"rendered":"<div class=\"wpb-content-wrapper\"><p>[vc_row equal_height=\u00bbyes\u00bb content_placement=\u00bbmiddle\u00bb css=\u00bb.vc_custom_1580036981639{padding-top: 80px !important;padding-bottom: 50px !important;}\u00bb][vc_column offset=\u00bbvc_col-lg-6 vc_col-md-6 vc_col-xs-12&#8243; css=\u00bb.vc_custom_1578766085608{padding-bottom: 30px !important;}\u00bb]<style type=\"text\/css\" data-type=\"the7_shortcodes-inline-css\">.shortcode-single-image-wrap.shortcode-single-image-10ff9d313fe40e9254eac98ef5fb8682.enable-bg-rollover .rollover i,\n.shortcode-single-image-wrap.shortcode-single-image-10ff9d313fe40e9254eac98ef5fb8682.enable-bg-rollover .rollover-video i {\n  background: -webkit-linear-gradient();\n  background: linear-gradient();\n}\n.shortcode-single-image-wrap.shortcode-single-image-10ff9d313fe40e9254eac98ef5fb8682 .rollover-icon {\n  font-size: 32px;\n  color: #ffffff;\n  min-width: 44px;\n  min-height: 44px;\n  line-height: 44px;\n  border-radius: 100px;\n  border-style: solid;\n  border-width: 0px;\n}\n.dt-icon-bg-on.shortcode-single-image-wrap.shortcode-single-image-10ff9d313fe40e9254eac98ef5fb8682 .rollover-icon {\n  background: rgba(255,255,255,0.3);\n  box-shadow: none;\n}\n<\/style><div class=\"shortcode-single-image-wrap shortcode-single-image-10ff9d313fe40e9254eac98ef5fb8682 alignnone  enable-bg-rollover dt-icon-bg-off\" style=\"margin-top:0px; margin-bottom:0px; margin-left:0px; margin-right:0px; width:1200px;\"><div class=\"shortcode-single-image\"><div class=\"fancy-media-wrap\" style=\"\"><a href=\"\" class=\" layzr-bg rollover\" style=\"\" aria-label=\"Image\"><img fetchpriority=\"high\" decoding=\"async\" class=\"preload-me lazy-load aspect\" src=\"data:image\/svg+xml,%3Csvg%20xmlns%3D&#39;http%3A%2F%2Fwww.w3.org%2F2000%2Fsvg&#39;%20viewBox%3D&#39;0%200%20657%20493&#39;%2F%3E\" data-src=\"https:\/\/www.navaltech.cl\/wp-content\/uploads\/2024\/12\/Imagen-3-657x493.png\" data-srcset=\"https:\/\/www.navaltech.cl\/wp-content\/uploads\/2024\/12\/Imagen-3-657x493.png 657w\" loading=\"eager\" style=\"--ratio: 657 \/ 493\" sizes=\"(max-width: 657px) 100vw, 657px\" width=\"657\" height=\"493\"  data-dt-location=\"https:\/\/www.navaltech.cl\/index.php\/diseno\/imagen-3\/\" alt=\"\" \/><\/a><\/div><\/div><\/div>[\/vc_column][vc_column offset=\u00bbvc_col-lg-6 vc_col-md-6 vc_col-xs-12&#8243; css=\u00bb.vc_custom_1580036724999{padding-bottom: 30px !important;}\u00bb][vc_column_text css=\u00bb.vc_custom_1734569254962{padding-bottom: 20px !important;}\u00bb]Realizamos dise\u00f1o de embarcaciones y artefactos navales, desarrollo de ingenier\u00eda conceptual, preparaci\u00f3n de especificaciones t\u00e9cnicas y desarrollo de ingenier\u00eda de detalle para la construcci\u00f3n de nuevos proyectos.<\/p>\n<p>Brindamos asesor\u00eda t\u00e9cnica para la administraci\u00f3n de un proyecto de construcci\u00f3n naval, an\u00e1lisis de factibilidad y viabilidad del proyecto, elaboraci\u00f3n del presupuesto, cotizaci\u00f3n de equipos y materiales, elaboraci\u00f3n del programa y la estrategia constructiva.<\/p>\n<h4>Ofrecemos asistencia t\u00e9cnica profesional en terreno para el control y supervisi\u00f3n de la obra de construcci\u00f3n, de acuerdo con criterios de calidad y cumplimiento de plazos contractuales y cumplimiento de normas de la Autoridad Mar\u00edtima y Casas Clasificadoras.<\/h4>\n<p>[\/vc_column_text][\/vc_column][\/vc_row][vc_row][vc_column][vc_masonry_media_grid element_width=\u00bb3&#8243; css=\u00bb\u00bb grid_id=\u00bbvc_gid:1734569209469-d9789a0a-ba0d-10&#8243; include=\u00bb3054,3053,3052,3050&#8243;][\/vc_column][\/vc_row][vc_row equal_height=\u00bbyes\u00bb content_placement=\u00bbmiddle\u00bb bg_type=\u00bbbg_color\u00bb bg_override=\u00bbfull\u00bb css=\u00bb.vc_custom_1734457260634{padding-top: 60px !important;padding-bottom: 30px !important;}\u00bb bg_color_value=\u00bb#015D7D\u00bb][vc_column width=\u00bb1\/2&#8243; css=\u00bb.vc_custom_1580038666315{padding-bottom: 30px !important;}\u00bb offset=\u00bbvc_col-lg-8 vc_col-md-7&#8243;]<div id=\"ultimate-heading-494169d0622504792\" class=\"uvc-heading ult-adjust-bottom-margin ultimate-heading-494169d0622504792 uvc-2564 \" data-hspacer=\"no_spacer\"  data-halign=\"left\" style=\"text-align:left\"><div class=\"uvc-heading-spacer no_spacer\" style=\"top\"><\/div><div class=\"uvc-main-heading ult-responsive\"  data-ultimate-target='.uvc-heading.ultimate-heading-494169d0622504792 h2'  data-responsive-json-new='{\"font-size\":\"mobile_landscape:24px;\",\"line-height\":\"mobile_landscape:34px;\"}' ><h2 style=\"--font-weight:theme;color:#FFFFFF;\">Necesitas ejecutar un proyecto?<\/h2><\/div><\/div>[\/vc_column][vc_column width=\u00bb1\/2&#8243; css=\u00bb.vc_custom_1580038658810{padding-bottom: 30px !important;}\u00bb offset=\u00bbvc_col-lg-4 vc_col-md-5&#8243;]<style type=\"text\/css\" data-type=\"the7_shortcodes-inline-css\">#default-btn-6e315a78fcd78c03359f754906fb6a3f {\n  border-radius: 0px;\n  font-size: 20px;\n  line-height: 22px;\n}\n.btn-shadow#default-btn-6e315a78fcd78c03359f754906fb6a3f {\n  box-shadow: 0 1px 6px rgba(0,0,0,0.12);\n  transition: box-shadow 0.2s ease-out, opacity 0.45s;\n}\n.btn-shadow#default-btn-6e315a78fcd78c03359f754906fb6a3f:hover {\n  box-shadow: 0 5px 11px 0 rgba(0,0,0,0.18), 0 4px 15px 0 rgba(0,0,0,0.15);\n}\n.btn-3d#default-btn-6e315a78fcd78c03359f754906fb6a3f:hover {\n  box-shadow: 0px 2px 0px 0px #072d3a;\n}\n.btn-flat#default-btn-6e315a78fcd78c03359f754906fb6a3f {\n  box-shadow: none;\n}\n.btn-flat#default-btn-6e315a78fcd78c03359f754906fb6a3f:hover {\n  box-shadow: none;\n}\n#default-btn-6e315a78fcd78c03359f754906fb6a3f.ico-right-side > i {\n  margin-right: 0px;\n  margin-left: 15px;\n}\n#default-btn-6e315a78fcd78c03359f754906fb6a3f > i {\n  margin-right: 15px;\n  font-size: 24px;\n}\n#default-btn-6e315a78fcd78c03359f754906fb6a3f:not(:hover) {\n  border-width: 3px;\n  border-color: #2bb3d5 !important;\n  color: #FFFFFF;\n  background: none !important;\n  padding: 18px 10px 18px 10px;\n}\n#default-btn-6e315a78fcd78c03359f754906fb6a3f:not(:hover) * {\n  color: #FFFFFF;\n}\n#default-btn-6e315a78fcd78c03359f754906fb6a3f:hover {\n  border-width: 0px;\n  color: #FFFFFF;\n  background: #015D7D !important;\n  padding: 21px 13px 21px 13px;\n}\n#default-btn-6e315a78fcd78c03359f754906fb6a3f:hover * {\n  color: #FFFFFF;\n}\n#default-btn-6e315a78fcd78c03359f754906fb6a3f.ico-right-side > i {\n  margin-right: 0px;\n  margin-left: 15px;\n}\n#default-btn-6e315a78fcd78c03359f754906fb6a3f > i {\n  margin-right: 15px;\n}\n<\/style><div class=\"btn-align-center\"><a href=\"https:\/\/wa.me\/56993196074\" class=\"default-btn-shortcode dt-btn link-hover-off ico-right-side full-width-btn btn-flat \" id=\"default-btn-6e315a78fcd78c03359f754906fb6a3f\" title=\"Contact\"><span>Cont\u00e1ctanos<\/span><i class=\"icomoon-the7-font-the7-mail-011\"><\/i><\/a><\/div>[\/vc_column][\/vc_row]<\/p>\n<\/div>","protected":false},"excerpt":{"rendered":"<p>[vc_row equal_height=\u00bbyes\u00bb content_placement=\u00bbmiddle\u00bb css=\u00bb.vc_custom_1580036981639{padding-top: 80px !important;padding-bottom: 50px !important;}\u00bb][vc_column offset=\u00bbvc_col-lg-6 vc_col-md-6 vc_col-xs-12&#8243; css=\u00bb.vc_custom_1578766085608{padding-bottom: 30px !important;}\u00bb][\/vc_column][vc_column offset=\u00bbvc_col-lg-6 vc_col-md-6 vc_col-xs-12&#8243; css=\u00bb.vc_custom_1580036724999{padding-bottom: 30px !important;}\u00bb][vc_column_text css=\u00bb.vc_custom_1734569254962{padding-bottom: 20px !important;}\u00bb]Realizamos dise\u00f1o de embarcaciones y artefactos navales, desarrollo de ingenier\u00eda conceptual, preparaci\u00f3n de especificaciones t\u00e9cnicas y desarrollo de ingenier\u00eda de detalle para la construcci\u00f3n de nuevos proyectos. Brindamos asesor\u00eda t\u00e9cnica para la administraci\u00f3n&hellip;<\/p>\n","protected":false},"author":1,"featured_media":0,"parent":0,"menu_order":15,"comment_status":"closed","ping_status":"closed","template":"","meta":{"footnotes":""},"class_list":["post-2940","page","type-page","status-publish","hentry","description-off"],"_links":{"self":[{"href":"https:\/\/www.navaltech.cl\/index.php\/wp-json\/wp\/v2\/pages\/2940","targetHints":{"allow":["GET"]}}],"collection":[{"href":"https:\/\/www.navaltech.cl\/index.php\/wp-json\/wp\/v2\/pages"}],"about":[{"href":"https:\/\/www.navaltech.cl\/index.php\/wp-json\/wp\/v2\/types\/page"}],"author":[{"embeddable":true,"href":"https:\/\/www.navaltech.cl\/index.php\/wp-json\/wp\/v2\/users\/1"}],"replies":[{"embeddable":true,"href":"https:\/\/www.navaltech.cl\/index.php\/wp-json\/wp\/v2\/comments?post=2940"}],"version-history":[{"count":7,"href":"https:\/\/www.navaltech.cl\/index.php\/wp-json\/wp\/v2\/pages\/2940\/revisions"}],"predecessor-version":[{"id":3084,"href":"https:\/\/www.navaltech.cl\/index.php\/wp-json\/wp\/v2\/pages\/2940\/revisions\/3084"}],"wp:attachment":[{"href":"https:\/\/www.navaltech.cl\/index.php\/wp-json\/wp\/v2\/media?parent=2940"}],"curies":[{"name":"wp","href":"https:\/\/api.w.org\/{rel}","templated":true}]}}