{"id":90,"date":"2019-12-14T13:22:00","date_gmt":"2019-12-14T13:22:00","guid":{"rendered":"https:\/\/www.navaltech.cl\/index.php\/services\/services-list-with-normal-images\/"},"modified":"2024-12-19T00:48:27","modified_gmt":"2024-12-19T00:48:27","slug":"servicios","status":"publish","type":"page","link":"https:\/\/www.navaltech.cl\/index.php\/servicios\/","title":{"rendered":"Servicios"},"content":{"rendered":"<div class=\"wpb-content-wrapper\"><p>[vc_row equal_height=\u00bbyes\u00bb content_placement=\u00bbmiddle\u00bb css=\u00bb.vc_custom_1580036981639{padding-top: 80px !important;padding-bottom: 50px !important;}\u00bb][vc_column offset=\u00bbvc_col-lg-6 vc_col-md-6 vc_col-xs-12&#8243; css=\u00bb.vc_custom_1578766085608{padding-bottom: 30px !important;}\u00bb]<style type=\"text\/css\" data-type=\"the7_shortcodes-inline-css\">.shortcode-single-image-wrap.shortcode-single-image-8ba2b7b0a428436c924331f928009827.enable-bg-rollover .rollover i,\n.shortcode-single-image-wrap.shortcode-single-image-8ba2b7b0a428436c924331f928009827.enable-bg-rollover .rollover-video i {\n  background: -webkit-linear-gradient();\n  background: linear-gradient();\n}\n.shortcode-single-image-wrap.shortcode-single-image-8ba2b7b0a428436c924331f928009827 .rollover-icon {\n  font-size: 32px;\n  color: #ffffff;\n  min-width: 44px;\n  min-height: 44px;\n  line-height: 44px;\n  border-radius: 100px;\n  border-style: solid;\n  border-width: 0px;\n}\n.dt-icon-bg-on.shortcode-single-image-wrap.shortcode-single-image-8ba2b7b0a428436c924331f928009827 .rollover-icon {\n  background: rgba(255,255,255,0.3);\n  box-shadow: none;\n}\n<\/style><div class=\"shortcode-single-image-wrap shortcode-single-image-8ba2b7b0a428436c924331f928009827 alignnone  enable-bg-rollover dt-icon-bg-off\" style=\"margin-top:0px; margin-bottom:0px; margin-left:0px; margin-right:0px; width:1200px;\"><div class=\"shortcode-single-image\"><div class=\"fancy-media-wrap  layzr-bg\" style=\"\"><img fetchpriority=\"high\" decoding=\"async\" class=\"preload-me lazy-load aspect\" src=\"data:image\/svg+xml,%3Csvg%20xmlns%3D&#39;http%3A%2F%2Fwww.w3.org%2F2000%2Fsvg&#39;%20viewBox%3D&#39;0%200%201200%20900&#39;%2F%3E\" data-src=\"https:\/\/www.navaltech.cl\/wp-content\/uploads\/2024\/12\/Imagen-6-1200x900.png\" data-srcset=\"https:\/\/www.navaltech.cl\/wp-content\/uploads\/2024\/12\/Imagen-6-1200x900.png 1200w\" loading=\"eager\" sizes=\"(max-width: 1200px) 100vw, 1200px\" width=\"1200\" height=\"900\"  data-dt-location=\"https:\/\/www.navaltech.cl\/index.php\/nosotros\/imagen-6\/\" style=\"--ratio: 1200 \/ 900;\" alt=\"\" \/><\/div><\/div><\/div>[\/vc_column][vc_column offset=\u00bbvc_col-lg-6 vc_col-md-6 vc_col-xs-12&#8243; css=\u00bb.vc_custom_1580036724999{padding-bottom: 30px !important;}\u00bb]<div id=\"ultimate-heading-72869d04bd263bb9\" class=\"uvc-heading ult-adjust-bottom-margin ultimate-heading-72869d04bd263bb9 uvc-5621 accent-border-color\" data-hspacer=\"line_only\"  data-halign=\"left\" style=\"text-align:left\"><div class=\"uvc-main-heading ult-responsive\"  data-ultimate-target='.uvc-heading.ultimate-heading-72869d04bd263bb9 h2'  data-responsive-json-new='{\"font-size\":\"mobile_landscape:24px;\",\"line-height\":\"mobile_landscape:34px;\"}' ><h2 style=\"--font-weight:theme;margin-bottom:15px;\">Proyectos de Reparaci\u00f3n<\/h2><\/div><div class=\"uvc-heading-spacer line_only\" style=\"margin-bottom:30px;height:3px;\"><span class=\"uvc-headings-line\" style=\"border-style:solid;border-bottom-width:3px;border-color:;width:150px;\"><\/span><\/div><\/div>[vc_column_text css=\u00bb.vc_custom_1734569305802{padding-bottom: 20px !important;}\u00bb]Realizamos inspecciones y levantamiento de necesidades, preparaci\u00f3n de las especificaciones t\u00e9cnicas de ingenier\u00eda y planos para la materializaci\u00f3n del proyecto.<\/p>\n<p>Brindamos asesor\u00eda t\u00e9cnica para la administraci\u00f3n de proyectos de reparaci\u00f3n, carenas, modernizaci\u00f3n y\/o transformaci\u00f3n de naves y artefactos navales, elaboraci\u00f3n del presupuesto, cotizaci\u00f3n de equipos y materiales, elaboraci\u00f3n y control del programa de reparaci\u00f3n.<\/p>\n<p>Ofrecemos asistencia t\u00e9cnica profesional en terreno para el control y supervisi\u00f3n del proyecto, de acuerdo con criterios de calidad, cumplimiento de plazos contractuales y cumplimiento de normas de la Autoridad Mar\u00edtima y Casas Clasificadoras[\/vc_column_text][\/vc_column][\/vc_row][vc_row equal_height=\u00bbyes\u00bb content_placement=\u00bbmiddle\u00bb css=\u00bb.vc_custom_1580036899711{padding-bottom: 50px !important;}\u00bb][vc_column offset=\u00bbvc_col-lg-6 vc_col-md-6 vc_col-xs-12&#8243; css=\u00bb.vc_custom_1578766090415{padding-bottom: 30px !important;}\u00bb]<style type=\"text\/css\" data-type=\"the7_shortcodes-inline-css\">.shortcode-single-image-wrap.shortcode-single-image-b33f1cf1232eba8b8c1815bf14c5c01f.enable-bg-rollover .rollover i,\n.shortcode-single-image-wrap.shortcode-single-image-b33f1cf1232eba8b8c1815bf14c5c01f.enable-bg-rollover .rollover-video i {\n  background: -webkit-linear-gradient();\n  background: linear-gradient();\n}\n.shortcode-single-image-wrap.shortcode-single-image-b33f1cf1232eba8b8c1815bf14c5c01f .rollover-icon {\n  font-size: 32px;\n  color: #ffffff;\n  min-width: 44px;\n  min-height: 44px;\n  line-height: 44px;\n  border-radius: 100px;\n  border-style: solid;\n  border-width: 0px;\n}\n.dt-icon-bg-on.shortcode-single-image-wrap.shortcode-single-image-b33f1cf1232eba8b8c1815bf14c5c01f .rollover-icon {\n  background: rgba(255,255,255,0.3);\n  box-shadow: none;\n}\n<\/style><div class=\"shortcode-single-image-wrap shortcode-single-image-b33f1cf1232eba8b8c1815bf14c5c01f alignnone  enable-bg-rollover dt-icon-bg-off\" style=\"margin-top:0px; margin-bottom:0px; margin-left:0px; margin-right:0px;\"><div class=\"shortcode-single-image\"><div class=\"fancy-media-wrap  layzr-bg\" style=\"\"><img decoding=\"async\" class=\"preload-me lazy-load aspect\" src=\"data:image\/svg+xml,%3Csvg%20xmlns%3D&#39;http%3A%2F%2Fwww.w3.org%2F2000%2Fsvg&#39;%20viewBox%3D&#39;0%200%20590%20771&#39;%2F%3E\" data-src=\"https:\/\/www.navaltech.cl\/wp-content\/uploads\/2024\/12\/s2.png\" data-srcset=\"https:\/\/www.navaltech.cl\/wp-content\/uploads\/2024\/12\/s2.png 590w\" loading=\"eager\" sizes=\"(max-width: 590px) 100vw, 590px\" width=\"590\" height=\"771\"  data-dt-location=\"https:\/\/www.navaltech.cl\/index.php\/servicios\/s2\/\" style=\"--ratio: 590 \/ 771;\" alt=\"\" \/><\/div><\/div><\/div>[\/vc_column][vc_column offset=\u00bbvc_col-lg-6 vc_col-md-6 vc_col-xs-12&#8243; css=\u00bb.vc_custom_1580036847140{padding-bottom: 30px !important;}\u00bb]<div id=\"ultimate-heading-293769d04bd263f00\" class=\"uvc-heading ult-adjust-bottom-margin ultimate-heading-293769d04bd263f00 uvc-7905 accent-border-color\" data-hspacer=\"line_only\"  data-halign=\"left\" style=\"text-align:left\"><div class=\"uvc-main-heading ult-responsive\"  data-ultimate-target='.uvc-heading.ultimate-heading-293769d04bd263f00 h2'  data-responsive-json-new='{\"font-size\":\"mobile_landscape:24px;\",\"line-height\":\"mobile_landscape:34px;\"}' ><h2 style=\"font-weight:bold;margin-bottom:15px;\">C\u00e1lculos estructurales<\/h2><\/div><div class=\"uvc-heading-spacer line_only\" style=\"margin-bottom:30px;height:3px;\"><span class=\"uvc-headings-line\" style=\"border-style:solid;border-bottom-width:3px;border-color:;width:150px;\"><\/span><\/div><\/div>[vc_column_text css=\u00bb.vc_custom_1734457531715{padding-bottom: 20px !important;}\u00bb]C\u00e1lculo y an\u00e1lisis de sistemas estructurales mayores como, mamparos de colisi\u00f3n, cubiertas, cuadernas. C\u00e1lculo y an\u00e1lisis de bases de equipos, bases de motores, winches de pesca, cabrestantes, gr\u00faas y pescantes. An\u00e1lisis de elementos miscel\u00e1neos como bitas y bases de equipos menores.[\/vc_column_text][\/vc_column][\/vc_row][vc_row equal_height=\u00bbyes\u00bb content_placement=\u00bbmiddle\u00bb css=\u00bb.vc_custom_1580036903613{padding-bottom: 50px !important;}\u00bb][vc_column offset=\u00bbvc_col-lg-6 vc_col-md-6 vc_col-xs-12&#8243; css=\u00bb.vc_custom_1580036916211{padding-bottom: 30px !important;}\u00bb]<style type=\"text\/css\" data-type=\"the7_shortcodes-inline-css\">.shortcode-single-image-wrap.shortcode-single-image-0cd2ec3770a4cb9cefeb605151dae8cc.enable-bg-rollover .rollover i,\n.shortcode-single-image-wrap.shortcode-single-image-0cd2ec3770a4cb9cefeb605151dae8cc.enable-bg-rollover .rollover-video i {\n  background: -webkit-linear-gradient();\n  background: linear-gradient();\n}\n.shortcode-single-image-wrap.shortcode-single-image-0cd2ec3770a4cb9cefeb605151dae8cc .rollover-icon {\n  font-size: 32px;\n  color: #ffffff;\n  min-width: 44px;\n  min-height: 44px;\n  line-height: 44px;\n  border-radius: 100px;\n  border-style: solid;\n  border-width: 0px;\n}\n.dt-icon-bg-on.shortcode-single-image-wrap.shortcode-single-image-0cd2ec3770a4cb9cefeb605151dae8cc .rollover-icon {\n  background: rgba(255,255,255,0.3);\n  box-shadow: none;\n}\n<\/style><div class=\"shortcode-single-image-wrap shortcode-single-image-0cd2ec3770a4cb9cefeb605151dae8cc alignnone  enable-bg-rollover dt-icon-bg-off\" style=\"margin-top:0px; margin-bottom:0px; margin-left:0px; margin-right:0px;\"><div class=\"shortcode-single-image\"><div class=\"fancy-media-wrap  layzr-bg\" style=\"\"><img decoding=\"async\" class=\"preload-me lazy-load aspect\" src=\"data:image\/svg+xml,%3Csvg%20xmlns%3D&#39;http%3A%2F%2Fwww.w3.org%2F2000%2Fsvg&#39;%20viewBox%3D&#39;0%200%20956%20510&#39;%2F%3E\" data-src=\"https:\/\/www.navaltech.cl\/wp-content\/uploads\/2024\/12\/Imagen-11.jpg\" data-srcset=\"https:\/\/www.navaltech.cl\/wp-content\/uploads\/2024\/12\/Imagen-11.jpg 956w\" loading=\"eager\" sizes=\"(max-width: 956px) 100vw, 956px\" width=\"956\" height=\"510\"  data-dt-location=\"https:\/\/www.navaltech.cl\/index.php\/diseno\/imagen-11\/\" style=\"--ratio: 956 \/ 510;\" alt=\"\" \/><\/div><\/div><\/div>[\/vc_column][vc_column offset=\u00bbvc_col-lg-6 vc_col-md-6 vc_col-xs-12&#8243; css=\u00bb.vc_custom_1580036922737{padding-bottom: 30px !important;}\u00bb]<div id=\"ultimate-heading-57669d04bd26424b\" class=\"uvc-heading ult-adjust-bottom-margin ultimate-heading-57669d04bd26424b uvc-759 accent-border-color\" data-hspacer=\"line_only\"  data-halign=\"left\" style=\"text-align:left\"><div class=\"uvc-main-heading ult-responsive\"  data-ultimate-target='.uvc-heading.ultimate-heading-57669d04bd26424b h2'  data-responsive-json-new='{\"font-size\":\"mobile_landscape:24px;\",\"line-height\":\"mobile_landscape:34px;\"}' ><h2 style=\"font-weight:bold;margin-bottom:20px;\">Estabilidad<\/h2><\/div><div class=\"uvc-heading-spacer line_only\" style=\"margin-bottom:30px;height:3px;\"><span class=\"uvc-headings-line\" style=\"border-style:solid;border-bottom-width:3px;border-color:;width:150px;\"><\/span><\/div><\/div>[vc_column_text css=\u00bb.vc_custom_1734457554702{padding-bottom: 20px !important;}\u00bb]Experimentos de inclinaci\u00f3n, c\u00e1lculo y an\u00e1lisis de estabilidad, confecci\u00f3n de manuales de sujeci\u00f3n de carga.[\/vc_column_text][\/vc_column][\/vc_row][vc_row equal_height=\u00bbyes\u00bb content_placement=\u00bbmiddle\u00bb css=\u00bb.vc_custom_1580036908275{padding-bottom: 50px !important;}\u00bb][vc_column css=\u00bb.vc_custom_1580055511046{padding-bottom: 30px !important;}\u00bb offset=\u00bbvc_col-lg-6 vc_col-md-6&#8243;]<style type=\"text\/css\" data-type=\"the7_shortcodes-inline-css\">.shortcode-single-image-wrap.shortcode-single-image-614feb6a88403d6b5539d925355ef612.enable-bg-rollover .rollover i,\n.shortcode-single-image-wrap.shortcode-single-image-614feb6a88403d6b5539d925355ef612.enable-bg-rollover .rollover-video i {\n  background: -webkit-linear-gradient();\n  background: linear-gradient();\n}\n.shortcode-single-image-wrap.shortcode-single-image-614feb6a88403d6b5539d925355ef612 .rollover-icon {\n  font-size: 32px;\n  color: #ffffff;\n  min-width: 44px;\n  min-height: 44px;\n  line-height: 44px;\n  border-radius: 100px;\n  border-style: solid;\n  border-width: 0px;\n}\n.dt-icon-bg-on.shortcode-single-image-wrap.shortcode-single-image-614feb6a88403d6b5539d925355ef612 .rollover-icon {\n  background: rgba(255,255,255,0.3);\n  box-shadow: none;\n}\n<\/style><div class=\"shortcode-single-image-wrap shortcode-single-image-614feb6a88403d6b5539d925355ef612 alignnone  enable-bg-rollover dt-icon-bg-off\" style=\"margin-top:0px; margin-bottom:0px; margin-left:0px; margin-right:0px;\"><div class=\"shortcode-single-image\"><div class=\"fancy-media-wrap  layzr-bg\" style=\"\"><img decoding=\"async\" class=\"preload-me lazy-load aspect\" src=\"data:image\/svg+xml,%3Csvg%20xmlns%3D&#39;http%3A%2F%2Fwww.w3.org%2F2000%2Fsvg&#39;%20viewBox%3D&#39;0%200%20600%20400&#39;%2F%3E\" data-src=\"https:\/\/www.navaltech.cl\/wp-content\/uploads\/2024\/12\/young-adult-organizing-documents.jpg\" data-srcset=\"https:\/\/www.navaltech.cl\/wp-content\/uploads\/2024\/12\/young-adult-organizing-documents.jpg 600w\" loading=\"eager\" sizes=\"(max-width: 600px) 100vw, 600px\" width=\"600\" height=\"400\"  data-dt-location=\"https:\/\/www.navaltech.cl\/index.php\/servicios\/young-adult-organizing-documents\/\" style=\"--ratio: 600 \/ 400;\" alt=\"\" \/><\/div><\/div><\/div>[\/vc_column][vc_column offset=\u00bbvc_col-lg-6 vc_col-md-6 vc_col-xs-12&#8243; css=\u00bb.vc_custom_1580055517260{padding-bottom: 30px !important;}\u00bb]<div id=\"ultimate-heading-821869d04bd26454e\" class=\"uvc-heading ult-adjust-bottom-margin ultimate-heading-821869d04bd26454e uvc-6240 accent-border-color\" data-hspacer=\"line_only\"  data-halign=\"left\" style=\"text-align:left\"><div class=\"uvc-main-heading ult-responsive\"  data-ultimate-target='.uvc-heading.ultimate-heading-821869d04bd26454e h2'  data-responsive-json-new='{\"font-size\":\"mobile_landscape:24px;\",\"line-height\":\"mobile_landscape:34px;\"}' ><h2 style=\"font-weight:bold;margin-bottom:15px;\">Regularizaci\u00f3n de embarcaciones<\/h2><\/div><div class=\"uvc-heading-spacer line_only\" style=\"margin-bottom:30px;height:3px;\"><span class=\"uvc-headings-line\" style=\"border-style:solid;border-bottom-width:3px;border-color:;width:150px;\"><\/span><\/div><\/div>[vc_column_text css=\u00bb.vc_custom_1734457574786{padding-bottom: 20px !important;}\u00bb]Levantamiento y regularizaci\u00f3n de planos para la Autoridad Mar\u00edtima \u00a0Digitalizaci\u00f3n de planos,[\/vc_column_text][\/vc_column][\/vc_row][vc_row equal_height=\u00bbyes\u00bb content_placement=\u00bbmiddle\u00bb bg_type=\u00bbbg_color\u00bb bg_override=\u00bbfull\u00bb css=\u00bb.vc_custom_1580065833748{padding-top: 60px !important;padding-bottom: 30px !important;}\u00bb bg_color_value=\u00bb#f5f5f5&#8243;][vc_column width=\u00bb1\/2&#8243; css=\u00bb.vc_custom_1580038666315{padding-bottom: 30px !important;}\u00bb offset=\u00bbvc_col-lg-8 vc_col-md-7&#8243;]<div id=\"ultimate-heading-516069d04bd26456e\" class=\"uvc-heading ult-adjust-bottom-margin ultimate-heading-516069d04bd26456e uvc-7238 \" data-hspacer=\"no_spacer\"  data-halign=\"left\" style=\"text-align:left\"><div class=\"uvc-heading-spacer no_spacer\" style=\"top\"><\/div><div class=\"uvc-main-heading ult-responsive\"  data-ultimate-target='.uvc-heading.ultimate-heading-516069d04bd26456e h2'  data-responsive-json-new='{\"font-size\":\"mobile_landscape:24px;\",\"line-height\":\"mobile_landscape:34px;\"}' ><h2 style=\"--font-weight:theme;\">Necesitas ejecutar un proyecto?<\/h2><\/div><\/div>[\/vc_column][vc_column width=\u00bb1\/2&#8243; css=\u00bb.vc_custom_1580038658810{padding-bottom: 30px !important;}\u00bb offset=\u00bbvc_col-lg-4 vc_col-md-5&#8243;]<style type=\"text\/css\" data-type=\"the7_shortcodes-inline-css\">#default-btn-19a6390fd43406af8993108e45e13ba5 {\n  border-radius: 0px;\n  font-size: 20px;\n  line-height: 22px;\n}\n.btn-shadow#default-btn-19a6390fd43406af8993108e45e13ba5 {\n  box-shadow: 0 1px 6px rgba(0,0,0,0.12);\n  transition: box-shadow 0.2s ease-out, opacity 0.45s;\n}\n.btn-shadow#default-btn-19a6390fd43406af8993108e45e13ba5:hover {\n  box-shadow: 0 5px 11px 0 rgba(0,0,0,0.18), 0 4px 15px 0 rgba(0,0,0,0.15);\n}\n.btn-3d#default-btn-19a6390fd43406af8993108e45e13ba5:hover {\n  box-shadow: 0px 2px 0px 0px #347d8f;\n}\n.btn-flat#default-btn-19a6390fd43406af8993108e45e13ba5 {\n  box-shadow: none;\n}\n.btn-flat#default-btn-19a6390fd43406af8993108e45e13ba5:hover {\n  box-shadow: none;\n}\n#default-btn-19a6390fd43406af8993108e45e13ba5.ico-right-side > i {\n  margin-right: 0px;\n  margin-left: 15px;\n}\n#default-btn-19a6390fd43406af8993108e45e13ba5 > i {\n  margin-right: 15px;\n  font-size: 24px;\n}\n#default-btn-19a6390fd43406af8993108e45e13ba5:not(:hover) {\n  border-width: 3px;\n  border-color: #2bb3d5 !important;\n  color: #2bb3d5;\n  background: none !important;\n  padding: 18px 10px 18px 10px;\n}\n#default-btn-19a6390fd43406af8993108e45e13ba5:not(:hover) * {\n  color: #2bb3d5;\n}\n#default-btn-19a6390fd43406af8993108e45e13ba5:hover {\n  border-width: 0px;\n  color: #ffffff;\n  background: #2bb3d5 !important;\n  padding: 21px 13px 21px 13px;\n}\n#default-btn-19a6390fd43406af8993108e45e13ba5:hover * {\n  color: #ffffff;\n}\n#default-btn-19a6390fd43406af8993108e45e13ba5.ico-right-side > i {\n  margin-right: 0px;\n  margin-left: 15px;\n}\n#default-btn-19a6390fd43406af8993108e45e13ba5 > i {\n  margin-right: 15px;\n}\n<\/style><div class=\"btn-align-center\"><a href=\"https:\/\/wa.me\/56993196074\" class=\"default-btn-shortcode dt-btn link-hover-off ico-right-side full-width-btn btn-flat \" id=\"default-btn-19a6390fd43406af8993108e45e13ba5\" title=\"Contacto\"><span>Cont\u00e1ctanos<\/span><i class=\"fas fa-comments-dollar\"><\/i><\/a><\/div>[\/vc_column][\/vc_row]<\/p>\n<\/div>","protected":false},"excerpt":{"rendered":"<p>[vc_row equal_height=\u00bbyes\u00bb content_placement=\u00bbmiddle\u00bb css=\u00bb.vc_custom_1580036981639{padding-top: 80px !important;padding-bottom: 50px !important;}\u00bb][vc_column offset=\u00bbvc_col-lg-6 vc_col-md-6 vc_col-xs-12&#8243; css=\u00bb.vc_custom_1578766085608{padding-bottom: 30px !important;}\u00bb][\/vc_column][vc_column offset=\u00bbvc_col-lg-6 vc_col-md-6 vc_col-xs-12&#8243; css=\u00bb.vc_custom_1580036724999{padding-bottom: 30px !important;}\u00bb][vc_column_text css=\u00bb.vc_custom_1734569305802{padding-bottom: 20px !important;}\u00bb]Realizamos inspecciones y levantamiento de necesidades, preparaci\u00f3n de las especificaciones t\u00e9cnicas de ingenier\u00eda y planos para la materializaci\u00f3n del proyecto. Brindamos asesor\u00eda t\u00e9cnica para la administraci\u00f3n de proyectos de reparaci\u00f3n, carenas, modernizaci\u00f3n y\/o&hellip;<\/p>\n","protected":false},"author":1,"featured_media":0,"parent":0,"menu_order":16,"comment_status":"closed","ping_status":"closed","template":"","meta":{"footnotes":""},"class_list":["post-90","page","type-page","status-publish","hentry","description-off"],"_links":{"self":[{"href":"https:\/\/www.navaltech.cl\/index.php\/wp-json\/wp\/v2\/pages\/90","targetHints":{"allow":["GET"]}}],"collection":[{"href":"https:\/\/www.navaltech.cl\/index.php\/wp-json\/wp\/v2\/pages"}],"about":[{"href":"https:\/\/www.navaltech.cl\/index.php\/wp-json\/wp\/v2\/types\/page"}],"author":[{"embeddable":true,"href":"https:\/\/www.navaltech.cl\/index.php\/wp-json\/wp\/v2\/users\/1"}],"replies":[{"embeddable":true,"href":"https:\/\/www.navaltech.cl\/index.php\/wp-json\/wp\/v2\/comments?post=90"}],"version-history":[{"count":4,"href":"https:\/\/www.navaltech.cl\/index.php\/wp-json\/wp\/v2\/pages\/90\/revisions"}],"predecessor-version":[{"id":3085,"href":"https:\/\/www.navaltech.cl\/index.php\/wp-json\/wp\/v2\/pages\/90\/revisions\/3085"}],"wp:attachment":[{"href":"https:\/\/www.navaltech.cl\/index.php\/wp-json\/wp\/v2\/media?parent=90"}],"curies":[{"name":"wp","href":"https:\/\/api.w.org\/{rel}","templated":true}]}}